{"id":13358,"date":"2022-06-26T23:19:15","date_gmt":"2022-06-26T23:19:15","guid":{"rendered":"https:\/\/linhphammarket.com\/?page_id=13358"},"modified":"2022-06-26T23:24:20","modified_gmt":"2022-06-26T23:24:20","slug":"company","status":"publish","type":"page","link":"https:\/\/linhphammarket.com\/vi\/company\/","title":{"rendered":"C\u00f4ng Ty"},"content":{"rendered":"<div data-elementor-type=\"wp-post\" data-elementor-id=\"13358\" class=\"elementor elementor-13358\">\n\t\t\t\t\t\t<section class=\"elementor-section elementor-top-section elementor-element elementor-element-486f513 elementor-section-full_width elementor-section-height-default elementor-section-height-default\" data-id=\"486f513\" data-element_type=\"section\" data-e-type=\"section\" data-settings=\"{&quot;background_background&quot;:&quot;classic&quot;}\">\n\t\t\t\t\t\t<div class=\"elementor-container elementor-column-gap-no\">\n\t\t\t\t\t<div class=\"elementor-column elementor-col-100 elementor-top-column elementor-element elementor-element-76aee8e\" data-id=\"76aee8e\" data-element_type=\"column\" data-e-type=\"column\">\n\t\t\t<div class=\"elementor-widget-wrap elementor-element-populated\">\n\t\t\t\t\t\t<div class=\"elementor-element elementor-element-7173744 elementor--h-position-center elementor--v-position-middle elementor-widget elementor-widget-slides\" data-id=\"7173744\" data-element_type=\"widget\" data-e-type=\"widget\" data-settings=\"{&quot;transition&quot;:&quot;fade&quot;,&quot;navigation&quot;:&quot;none&quot;,&quot;autoplay_speed&quot;:10000,&quot;transition_speed&quot;:700,&quot;autoplay&quot;:&quot;yes&quot;,&quot;pause_on_hover&quot;:&quot;yes&quot;,&quot;pause_on_interaction&quot;:&quot;yes&quot;,&quot;infinite&quot;:&quot;yes&quot;}\" data-widget_type=\"slides.default\">\n\t\t\t\t<div class=\"elementor-widget-container\">\n\t\t\t\t\t\t\t<div class=\"elementor-swiper\">\n\t\t\t<div class=\"elementor-slides-wrapper elementor-main-swiper swiper-container\" dir=\"ltr\" data-animation=\"fadeInUp\">\n\t\t\t\t<div class=\"swiper-wrapper elementor-slides\">\n\t\t\t\t\t\t\t\t\t\t<div class=\"elementor-repeater-item-2e974ba swiper-slide\"><div class=\"swiper-slide-bg\"><\/div><div class=\"elementor-background-overlay\"><\/div><div class=\"swiper-slide-inner\" ><div class=\"swiper-slide-contents\"><div class=\"elementor-slide-heading\">C\u00f4ng Ty<\/div><\/div><\/div><\/div>\t\t\t\t<\/div>\n\t\t\t\t\t\t\t<\/div>\n\t\t<\/div>\n\t\t\t\t\t\t<\/div>\n\t\t\t\t<\/div>\n\t\t\t\t\t<\/div>\n\t\t<\/div>\n\t\t\t\t\t<\/div>\n\t\t<\/section>\n\t\t\t\t<section class=\"elementor-section elementor-top-section elementor-element elementor-element-65f0563 elementor-section-boxed elementor-section-height-default elementor-section-height-default\" data-id=\"65f0563\" data-element_type=\"section\" data-e-type=\"section\">\n\t\t\t\t\t\t<div class=\"elementor-container elementor-column-gap-no\">\n\t\t\t\t\t<div class=\"elementor-column elementor-col-100 elementor-top-column elementor-element elementor-element-8fa3655\" data-id=\"8fa3655\" data-element_type=\"column\" data-e-type=\"column\">\n\t\t\t<div class=\"elementor-widget-wrap elementor-element-populated\">\n\t\t\t\t\t\t<div class=\"elementor-element elementor-element-58c38f0 elementor-widget__width-auto elementor-widget elementor-widget-woocommerce-breadcrumb\" data-id=\"58c38f0\" data-element_type=\"widget\" data-e-type=\"widget\" data-widget_type=\"woocommerce-breadcrumb.default\">\n\t\t\t\t<div class=\"elementor-widget-container\">\n\t\t\t\t\t<nav class=\"woocommerce-breadcrumb\" aria-label=\"Breadcrumb\" data-no-translation=\"\" data-trp-gettext=\"\">Trang ch\u1ee7<\/nav>\t\t\t\t<\/div>\n\t\t\t\t<\/div>\n\t\t\t\t\t<\/div>\n\t\t<\/div>\n\t\t\t\t\t<\/div>\n\t\t<\/section>\n\t\t\t\t<section class=\"elementor-section elementor-top-section elementor-element elementor-element-b723c51 elementor-section-boxed elementor-section-height-default elementor-section-height-default\" data-id=\"b723c51\" data-element_type=\"section\" data-e-type=\"section\">\n\t\t\t\t\t\t<div class=\"elementor-container elementor-column-gap-default\">\n\t\t\t\t\t<div class=\"elementor-column elementor-col-100 elementor-top-column elementor-element elementor-element-86e311e\" data-id=\"86e311e\" data-element_type=\"column\" data-e-type=\"column\">\n\t\t\t<div class=\"elementor-widget-wrap elementor-element-populated\">\n\t\t\t\t\t\t<div class=\"elementor-element elementor-element-0fb60bf elementor-widget elementor-widget-text-editor\" data-id=\"0fb60bf\" data-element_type=\"widget\" data-e-type=\"widget\" data-widget_type=\"text-editor.default\">\n\t\t\t\t<div class=\"elementor-widget-container\">\n\t\t\t\t\t\t\t\t\t<p>Unipaq Corporation has steadily grown to become one of the premier Asian food ecommerce company. We purchase fresh tropical fruits from farms in Florida as well as importing products from Thailand, Malaysia, and Vietnam. With many different kinds of food and merchandise items under well-known labels, and our own brands. Our popular items include fresh tropical fruits, frozen durians, frozen seafood, and dried foods.<\/p><p>Ch\u00fang t\u00f4i ph\u00e2n ph\u1ed1i c\u00e1c s\u1ea3n ph\u1ea9m th\u1ef1c ph\u1ea9m tr\u00ean to\u00e0n qu\u1ed1c. Ch\u00fang t\u00f4i c\u00f3 th\u1ec3 mua s\u1ed1 l\u01b0\u1ee3ng l\u1edbn h\u00e0ng h\u00f3a v\u1edbi gi\u00e1 th\u1ea5p h\u01a1n v\u00e0 sau \u0111\u00f3 chuy\u1ec3n kho\u1ea3n ti\u1ebft ki\u1ec7m cho kh\u00e1ch h\u00e0ng.<\/p><p>We at unipaqcorp.com will gladly answer any question you may have regarding our merchandise and are happy to assist you with the ordering process. Please feel free to contact us:<\/p><p>\u0110i\u1ec7n Tho\u1ea1i: (714) 892-2070<br \/>Email: info@unipaqcorp.com<\/p>\t\t\t\t\t\t\t\t<\/div>\n\t\t\t\t<\/div>\n\t\t\t\t\t<\/div>\n\t\t<\/div>\n\t\t\t\t\t<\/div>\n\t\t<\/section>\n\t\t\t\t<\/div>","protected":false},"excerpt":{"rendered":"<p>Company Unipaq Corporation has steadily grown to become one of the premier Asian food ecommerce company. We purchase fresh tropical fruits from farms in Florida as well as importing products from Thailand, Malaysia, and Vietnam. With many different kinds of food and merchandise items under well-known labels, and our own brands. Our popular items include [&hellip;]<\/p>\n","protected":false},"author":1,"featured_media":0,"parent":0,"menu_order":0,"comment_status":"closed","ping_status":"closed","template":"","meta":{"nf_dc_page":"","om_disable_all_campaigns":false,"site-sidebar-layout":"no-sidebar","site-content-layout":"page-builder","ast-site-content-layout":"default","site-content-style":"default","site-sidebar-style":"default","ast-global-header-display":"","ast-banner-title-visibility":"","ast-main-header-display":"","ast-hfb-above-header-display":"","ast-hfb-below-header-display":"","ast-hfb-mobile-header-display":"","site-post-title":"disabled","ast-breadcrumbs-content":"","ast-featured-img":"disabled","footer-sml-layout":"","ast-disable-related-posts":"","theme-transparent-header-meta":"enabled","adv-header-id-meta":null,"stick-header-meta":null,"header-above-stick-meta":null,"header-main-stick-meta":null,"header-below-stick-meta":null,"astra-migrate-meta-layouts":"default","ast-page-background-enabled":"default","ast-page-background-meta":{"desktop":{"background-color":"","background-image":"","background-repeat":"repeat","background-position":"center center","background-size":"auto","background-attachment":"scroll","background-type":"","background-media":"","overlay-type":"","overlay-color":"","overlay-opacity":"","overlay-gradient":""},"tablet":{"background-color":"","background-image":"","background-repeat":"repeat","background-position":"center center","background-size":"auto","background-attachment":"scroll","background-type":"","background-media":"","overlay-type":"","overlay-color":"","overlay-opacity":"","overlay-gradient":""},"mobile":{"background-color":"","background-image":"","background-repeat":"repeat","background-position":"center center","background-size":"auto","background-attachment":"scroll","background-type":"","background-media":"","overlay-type":"","overlay-color":"","overlay-opacity":"","overlay-gradient":""}},"ast-content-background-meta":{"desktop":{"background-color":"var(--ast-global-color-5)","background-image":"","background-repeat":"repeat","background-position":"center center","background-size":"auto","background-attachment":"scroll","background-type":"","background-media":"","overlay-type":"","overlay-color":"","overlay-opacity":"","overlay-gradient":""},"tablet":{"background-color":"var(--ast-global-color-5)","background-image":"","background-repeat":"repeat","background-position":"center center","background-size":"auto","background-attachment":"scroll","background-type":"","background-media":"","overlay-type":"","overlay-color":"","overlay-opacity":"","overlay-gradient":""},"mobile":{"background-color":"var(--ast-global-color-5)","background-image":"","background-repeat":"repeat","background-position":"center center","background-size":"auto","background-attachment":"scroll","background-type":"","background-media":"","overlay-type":"","overlay-color":"","overlay-opacity":"","overlay-gradient":""}},"footnotes":""},"class_list":["post-13358","page","type-page","status-publish","hentry"],"yoast_head":"<!-- This site is optimized with the Yoast SEO plugin v27.5 - https:\/\/yoast.com\/product\/yoast-seo-wordpress\/ -->\n<title>Company - LinhPhamMarket.com<\/title>\n<meta name=\"robots\" content=\"noindex, follow, max-snippet:-1, max-image-preview:large, max-video-preview:-1\" \/>\n<meta property=\"og:locale\" content=\"vi_VN\" \/>\n<meta property=\"og:type\" content=\"article\" \/>\n<meta property=\"og:title\" content=\"Company - LinhPhamMarket.com\" \/>\n<meta property=\"og:description\" content=\"Company Unipaq Corporation has steadily grown to become one of the premier Asian food ecommerce company. We purchase fresh tropical fruits from farms in Florida as well as importing products from Thailand, Malaysia, and Vietnam. With many different kinds of food and merchandise items under well-known labels, and our own brands. Our popular items include [&hellip;]\" \/>\n<meta property=\"og:url\" content=\"https:\/\/linhphammarket.com\/vi\/company\/\" \/>\n<meta property=\"og:site_name\" content=\"LinhPhamMarket.com\" \/>\n<meta property=\"article:modified_time\" content=\"2022-06-26T23:24:20+00:00\" \/>\n<meta name=\"twitter:card\" content=\"summary_large_image\" \/>\n<meta name=\"twitter:label1\" content=\"\u01af\u1edbc t\u00ednh th\u1eddi gian \u0111\u1ecdc\" \/>\n\t<meta name=\"twitter:data1\" content=\"3 ph\u00fat\" \/>\n<script type=\"application\/ld+json\" class=\"yoast-schema-graph\">{\"@context\":\"https:\\\/\\\/schema.org\",\"@graph\":[{\"@type\":\"WebPage\",\"@id\":\"https:\\\/\\\/linhphammarket.com\\\/company\\\/\",\"url\":\"https:\\\/\\\/linhphammarket.com\\\/company\\\/\",\"name\":\"Company - LinhPhamMarket.com\",\"isPartOf\":{\"@id\":\"https:\\\/\\\/linhphammarket.com\\\/#website\"},\"datePublished\":\"2022-06-26T23:19:15+00:00\",\"dateModified\":\"2022-06-26T23:24:20+00:00\",\"breadcrumb\":{\"@id\":\"https:\\\/\\\/linhphammarket.com\\\/company\\\/#breadcrumb\"},\"inLanguage\":\"vi\",\"potentialAction\":[{\"@type\":\"ReadAction\",\"target\":[\"https:\\\/\\\/linhphammarket.com\\\/company\\\/\"]}]},{\"@type\":\"BreadcrumbList\",\"@id\":\"https:\\\/\\\/linhphammarket.com\\\/company\\\/#breadcrumb\",\"itemListElement\":[{\"@type\":\"ListItem\",\"position\":1,\"name\":\"Home\",\"item\":\"https:\\\/\\\/linhphammarket.com\\\/\"},{\"@type\":\"ListItem\",\"position\":2,\"name\":\"Company\"}]},{\"@type\":\"WebSite\",\"@id\":\"https:\\\/\\\/linhphammarket.com\\\/#website\",\"url\":\"https:\\\/\\\/linhphammarket.com\\\/\",\"name\":\"LinhPhamMarket.com\",\"description\":\"Asian Foods Online\",\"publisher\":{\"@id\":\"https:\\\/\\\/linhphammarket.com\\\/#organization\"},\"potentialAction\":[{\"@type\":\"SearchAction\",\"target\":{\"@type\":\"EntryPoint\",\"urlTemplate\":\"https:\\\/\\\/linhphammarket.com\\\/?s={search_term_string}\"},\"query-input\":{\"@type\":\"PropertyValueSpecification\",\"valueRequired\":true,\"valueName\":\"search_term_string\"}}],\"inLanguage\":\"vi\"},{\"@type\":\"Organization\",\"@id\":\"https:\\\/\\\/linhphammarket.com\\\/#organization\",\"name\":\"Unipaq Corp.\",\"url\":\"https:\\\/\\\/linhphammarket.com\\\/\",\"logo\":{\"@type\":\"ImageObject\",\"inLanguage\":\"vi\",\"@id\":\"https:\\\/\\\/linhphammarket.com\\\/#\\\/schema\\\/logo\\\/image\\\/\",\"url\":\"https:\\\/\\\/linhphammarket.com\\\/wp-content\\\/uploads\\\/2021\\\/01\\\/unipaq.png\",\"contentUrl\":\"https:\\\/\\\/linhphammarket.com\\\/wp-content\\\/uploads\\\/2021\\\/01\\\/unipaq.png\",\"width\":396,\"height\":120,\"caption\":\"Unipaq Corp.\"},\"image\":{\"@id\":\"https:\\\/\\\/linhphammarket.com\\\/#\\\/schema\\\/logo\\\/image\\\/\"}}]}<\/script>\n<!-- \/ Yoast SEO plugin. -->","yoast_head_json":{"title":"Company - LinhPhamMarket.com","robots":{"index":"noindex","follow":"follow","max-snippet":"max-snippet:-1","max-image-preview":"max-image-preview:large","max-video-preview":"max-video-preview:-1"},"og_locale":"vi_VN","og_type":"article","og_title":"Company - LinhPhamMarket.com","og_description":"Company Unipaq Corporation has steadily grown to become one of the premier Asian food ecommerce company. We purchase fresh tropical fruits from farms in Florida as well as importing products from Thailand, Malaysia, and Vietnam. With many different kinds of food and merchandise items under well-known labels, and our own brands. Our popular items include [&hellip;]","og_url":"https:\/\/linhphammarket.com\/vi\/company\/","og_site_name":"LinhPhamMarket.com","article_modified_time":"2022-06-26T23:24:20+00:00","twitter_card":"summary_large_image","twitter_misc":{"\u01af\u1edbc t\u00ednh th\u1eddi gian \u0111\u1ecdc":"3 ph\u00fat"},"schema":{"@context":"https:\/\/schema.org","@graph":[{"@type":"WebPage","@id":"https:\/\/linhphammarket.com\/company\/","url":"https:\/\/linhphammarket.com\/company\/","name":"Company - LinhPhamMarket.com","isPartOf":{"@id":"https:\/\/linhphammarket.com\/#website"},"datePublished":"2022-06-26T23:19:15+00:00","dateModified":"2022-06-26T23:24:20+00:00","breadcrumb":{"@id":"https:\/\/linhphammarket.com\/company\/#breadcrumb"},"inLanguage":"vi","potentialAction":[{"@type":"ReadAction","target":["https:\/\/linhphammarket.com\/company\/"]}]},{"@type":"BreadcrumbList","@id":"https:\/\/linhphammarket.com\/company\/#breadcrumb","itemListElement":[{"@type":"ListItem","position":1,"name":"Home","item":"https:\/\/linhphammarket.com\/"},{"@type":"ListItem","position":2,"name":"Company"}]},{"@type":"WebSite","@id":"https:\/\/linhphammarket.com\/#website","url":"https:\/\/linhphammarket.com\/","name":"LinhPhamMarket.com","description":"Asian Foods Online","publisher":{"@id":"https:\/\/linhphammarket.com\/#organization"},"potentialAction":[{"@type":"SearchAction","target":{"@type":"EntryPoint","urlTemplate":"https:\/\/linhphammarket.com\/?s={search_term_string}"},"query-input":{"@type":"PropertyValueSpecification","valueRequired":true,"valueName":"search_term_string"}}],"inLanguage":"vi"},{"@type":"Organization","@id":"https:\/\/linhphammarket.com\/#organization","name":"Unipaq Corp.","url":"https:\/\/linhphammarket.com\/","logo":{"@type":"ImageObject","inLanguage":"vi","@id":"https:\/\/linhphammarket.com\/#\/schema\/logo\/image\/","url":"https:\/\/linhphammarket.com\/wp-content\/uploads\/2021\/01\/unipaq.png","contentUrl":"https:\/\/linhphammarket.com\/wp-content\/uploads\/2021\/01\/unipaq.png","width":396,"height":120,"caption":"Unipaq Corp."},"image":{"@id":"https:\/\/linhphammarket.com\/#\/schema\/logo\/image\/"}}]}},"jetpack_sharing_enabled":true,"_links":{"self":[{"href":"https:\/\/linhphammarket.com\/vi\/wp-json\/wp\/v2\/pages\/13358","targetHints":{"allow":["GET"]}}],"collection":[{"href":"https:\/\/linhphammarket.com\/vi\/wp-json\/wp\/v2\/pages"}],"about":[{"href":"https:\/\/linhphammarket.com\/vi\/wp-json\/wp\/v2\/types\/page"}],"author":[{"embeddable":true,"href":"https:\/\/linhphammarket.com\/vi\/wp-json\/wp\/v2\/users\/1"}],"replies":[{"embeddable":true,"href":"https:\/\/linhphammarket.com\/vi\/wp-json\/wp\/v2\/comments?post=13358"}],"version-history":[{"count":10,"href":"https:\/\/linhphammarket.com\/vi\/wp-json\/wp\/v2\/pages\/13358\/revisions"}],"predecessor-version":[{"id":13368,"href":"https:\/\/linhphammarket.com\/vi\/wp-json\/wp\/v2\/pages\/13358\/revisions\/13368"}],"wp:attachment":[{"href":"https:\/\/linhphammarket.com\/vi\/wp-json\/wp\/v2\/media?parent=13358"}],"curies":[{"name":"wp","href":"https:\/\/api.w.org\/{rel}","templated":true}]}}