{"id":9596,"date":"2021-10-21T03:37:35","date_gmt":"2021-10-21T03:37:35","guid":{"rendered":"https:\/\/linhphammarket.com\/?page_id=9596"},"modified":"2022-06-27T09:16:02","modified_gmt":"2022-06-27T09:16:02","slug":"shrimps","status":"publish","type":"page","link":"https:\/\/linhphammarket.com\/vi\/shrimps\/","title":{"rendered":"T\u00f4m"},"content":{"rendered":"<div data-elementor-type=\"wp-page\" data-elementor-id=\"9596\" class=\"elementor elementor-9596\">\n\t\t\t\t\t\t<section class=\"elementor-section elementor-top-section elementor-element elementor-element-745536e elementor-section-full_width elementor-section-height-default elementor-section-height-default\" data-id=\"745536e\" data-element_type=\"section\" data-e-type=\"section\" data-settings=\"{&quot;background_background&quot;:&quot;classic&quot;}\">\n\t\t\t\t\t\t\t<div class=\"elementor-background-overlay\"><\/div>\n\t\t\t\t\t\t\t<div class=\"elementor-container elementor-column-gap-no\">\n\t\t\t\t\t<div class=\"elementor-column elementor-col-100 elementor-top-column elementor-element elementor-element-158fe11\" data-id=\"158fe11\" data-element_type=\"column\" data-e-type=\"column\" data-settings=\"{&quot;background_background&quot;:&quot;classic&quot;}\">\n\t\t\t<div class=\"elementor-widget-wrap elementor-element-populated\">\n\t\t\t\t\t\t<div class=\"elementor-element elementor-element-7c29583 elementor--h-position-center elementor--v-position-middle elementor-widget elementor-widget-slides\" data-id=\"7c29583\" data-element_type=\"widget\" data-e-type=\"widget\" data-settings=\"{&quot;transition&quot;:&quot;fade&quot;,&quot;navigation&quot;:&quot;none&quot;,&quot;transition_speed&quot;:1000}\" data-widget_type=\"slides.default\">\n\t\t\t\t<div class=\"elementor-widget-container\">\n\t\t\t\t\t\t\t<div class=\"elementor-swiper\">\n\t\t\t<div class=\"elementor-slides-wrapper elementor-main-swiper swiper-container\" dir=\"ltr\" data-animation=\"\">\n\t\t\t\t<div class=\"swiper-wrapper elementor-slides\">\n\t\t\t\t\t\t\t\t\t\t<div class=\"elementor-repeater-item-c64469b swiper-slide\"><div class=\"swiper-slide-bg\"><\/div><a class=\"swiper-slide-inner\" href=\"https:\/\/linhphammarket.com\/vi\/seafood\/shrimps\/\"><div class=\"swiper-slide-contents\"><div class=\"elementor-slide-heading\">T\u00f4m<\/div><\/div><\/a><\/div>\t\t\t\t<\/div>\n\t\t\t\t\t\t\t<\/div>\n\t\t<\/div>\n\t\t\t\t\t\t<\/div>\n\t\t\t\t<\/div>\n\t\t\t\t\t<\/div>\n\t\t<\/div>\n\t\t\t\t\t<\/div>\n\t\t<\/section>\n\t\t\t\t<section class=\"elementor-section elementor-top-section elementor-element elementor-element-7f113c6 elementor-section-height-min-height elementor-section-items-stretch elementor-section-content-middle elementor-section-boxed elementor-section-height-default\" data-id=\"7f113c6\" data-element_type=\"section\" data-e-type=\"section\" data-settings=\"{&quot;background_background&quot;:&quot;classic&quot;}\">\n\t\t\t\t\t\t\t<div class=\"elementor-background-overlay\"><\/div>\n\t\t\t\t\t\t\t<div class=\"elementor-container elementor-column-gap-no\">\n\t\t\t\t\t<div class=\"elementor-column elementor-col-100 elementor-top-column elementor-element elementor-element-380a08b\" data-id=\"380a08b\" data-element_type=\"column\" data-e-type=\"column\" data-settings=\"{&quot;background_background&quot;:&quot;classic&quot;}\">\n\t\t\t<div class=\"elementor-widget-wrap elementor-element-populated\">\n\t\t\t\t\t\t<div class=\"elementor-element elementor-element-60f0804 elementor-widget__width-auto elementor-widget elementor-widget-woocommerce-breadcrumb\" data-id=\"60f0804\" data-element_type=\"widget\" data-e-type=\"widget\" data-widget_type=\"woocommerce-breadcrumb.default\">\n\t\t\t\t<div class=\"elementor-widget-container\">\n\t\t\t\t\t<nav class=\"woocommerce-breadcrumb\" aria-label=\"Breadcrumb\" data-no-translation=\"\" data-trp-gettext=\"\">Trang ch\u1ee7<\/nav>\t\t\t\t<\/div>\n\t\t\t\t<\/div>\n\t\t\t\t\t<\/div>\n\t\t<\/div>\n\t\t\t\t\t<\/div>\n\t\t<\/section>\n\t\t\t\t<section class=\"elementor-section elementor-top-section elementor-element elementor-element-58b3f0a elementor-section-boxed elementor-section-height-default elementor-section-height-default\" data-id=\"58b3f0a\" data-element_type=\"section\" data-e-type=\"section\" data-settings=\"{&quot;background_background&quot;:&quot;classic&quot;}\">\n\t\t\t\t\t\t<div class=\"elementor-container elementor-column-gap-no\">\n\t\t\t\t\t<div class=\"elementor-column elementor-col-50 elementor-top-column elementor-element elementor-element-edb9460\" data-id=\"edb9460\" data-element_type=\"column\" data-e-type=\"column\">\n\t\t\t<div class=\"elementor-widget-wrap elementor-element-populated\">\n\t\t\t\t\t\t<div class=\"elementor-element elementor-element-219e492 elementor-widget elementor-widget-heading\" data-id=\"219e492\" data-element_type=\"widget\" data-e-type=\"widget\" data-widget_type=\"heading.default\">\n\t\t\t\t<div class=\"elementor-widget-container\">\n\t\t\t\t\t<div class=\"elementor-heading-title elementor-size-default\"><a href=\"https:\/\/linhphammarket.com\/vi\/products\/seafoods\/\"><a href=\"\/\/linhphammarket.com\/vi\/products\/seafood\/\"><div class=\"clickable-div\"> \nH\u1ea2I S\u1ea2N\n<\/div><\/a><\/a><\/div>\t\t\t\t<\/div>\n\t\t\t\t<\/div>\n\t\t\t\t<div class=\"elementor-element elementor-element-fa02166 elementor-widget elementor-widget-heading\" data-id=\"fa02166\" data-element_type=\"widget\" data-e-type=\"widget\" data-widget_type=\"heading.default\">\n\t\t\t\t<div class=\"elementor-widget-container\">\n\t\t\t\t\t<div class=\"elementor-heading-title elementor-size-default\"><a href=\"\/\/linhphammarket.com\/vi\/products\/seafood\/fish\/\"><div class=\"clickable-div\"> \nC\u00e1\n<\/div><\/a><\/div>\t\t\t\t<\/div>\n\t\t\t\t<\/div>\n\t\t\t\t<div class=\"elementor-element elementor-element-a894039 elementor-widget elementor-widget-heading\" data-id=\"a894039\" data-element_type=\"widget\" data-e-type=\"widget\" data-widget_type=\"heading.default\">\n\t\t\t\t<div class=\"elementor-widget-container\">\n\t\t\t\t\t<div class=\"elementor-heading-title elementor-size-default\"><div class=\"clickable-div\"><a href=\"\/\/linhphammarket.com\/vi\/products\/seafood\/crabs\/\"> \nCua<\/a><\/div><\/div>\t\t\t\t<\/div>\n\t\t\t\t<\/div>\n\t\t\t\t<div class=\"elementor-element elementor-element-69c7476 elementor-widget elementor-widget-heading\" data-id=\"69c7476\" data-element_type=\"widget\" data-e-type=\"widget\" data-widget_type=\"heading.default\">\n\t\t\t\t<div class=\"elementor-widget-container\">\n\t\t\t\t\t<div class=\"elementor-heading-title elementor-size-default\"><a href=\"\/\/linhphammarket.com\/vi\/products\/seafood\/shellfish\/\"><div class=\"clickable-div\"> \n\u1ed0c &amp; S\u00f2\n<\/div><\/a><\/div>\t\t\t\t<\/div>\n\t\t\t\t<\/div>\n\t\t\t\t<div class=\"elementor-element elementor-element-d8b6c69 elementor-widget elementor-widget-heading\" data-id=\"d8b6c69\" data-element_type=\"widget\" data-e-type=\"widget\" data-widget_type=\"heading.default\">\n\t\t\t\t<div class=\"elementor-widget-container\">\n\t\t\t\t\t<div class=\"elementor-heading-title elementor-size-default\"><a href=\"\/\/linhphammarket.com\/vi\/products\/seafood\/shrimps\/\"><div class=\"clickable-div\"> \nT\u00f4m \n<\/div><\/a><\/div>\t\t\t\t<\/div>\n\t\t\t\t<\/div>\n\t\t\t\t<div class=\"elementor-element elementor-element-2f89f53 elementor-widget elementor-widget-heading\" data-id=\"2f89f53\" data-element_type=\"widget\" data-e-type=\"widget\" data-widget_type=\"heading.default\">\n\t\t\t\t<div class=\"elementor-widget-container\">\n\t\t\t\t\t<div class=\"elementor-heading-title elementor-size-default\"><a href=\"\/\/linhphammarket.com\/vi\/products\/seafood\/squid-octopus\/\"><div class=\"clickable-div\"> \nSquid &amp; Octopus\n<\/div><\/a><\/div>\t\t\t\t<\/div>\n\t\t\t\t<\/div>\n\t\t\t\t<div class=\"elementor-element elementor-element-ac3602c elementor-hidden-mobile elementor--h-position-center elementor--v-position-middle elementor-widget elementor-widget-slides\" data-id=\"ac3602c\" data-element_type=\"widget\" data-e-type=\"widget\" data-settings=\"{&quot;autoplay_speed&quot;:7000,&quot;navigation&quot;:&quot;none&quot;,&quot;autoplay&quot;:&quot;yes&quot;,&quot;pause_on_hover&quot;:&quot;yes&quot;,&quot;pause_on_interaction&quot;:&quot;yes&quot;,&quot;infinite&quot;:&quot;yes&quot;,&quot;transition&quot;:&quot;slide&quot;,&quot;transition_speed&quot;:500}\" data-widget_type=\"slides.default\">\n\t\t\t\t<div class=\"elementor-widget-container\">\n\t\t\t\t\t\t\t<div class=\"elementor-swiper\">\n\t\t\t<div class=\"elementor-slides-wrapper elementor-main-swiper swiper-container\" dir=\"ltr\" data-animation=\"\">\n\t\t\t\t<div class=\"swiper-wrapper elementor-slides\">\n\t\t\t\t\t\t\t\t\t\t<div class=\"elementor-repeater-item-d7dbefb swiper-slide\"><div class=\"swiper-slide-bg\"><\/div><a class=\"swiper-slide-inner\" href=\"https:\/\/linhphammarket.com\/vi\/products\/specialty-foods\/dac-san-ben-tre\/\"><div class=\"swiper-slide-contents\"><div class=\"elementor-slide-heading\">\u0110\u1eb6C S\u1ea2N B\u1ebeN TRE<\/div><\/div><\/a><\/div><div class=\"elementor-repeater-item-1d74b51 swiper-slide\"><div class=\"swiper-slide-bg\"><\/div><a class=\"swiper-slide-inner\" href=\"https:\/\/linhphammarket.com\/vi\/products\/specialty-foods\/japanese-foods\/\"><div class=\"swiper-slide-contents\"><div class=\"elementor-slide-heading\">JAPANESE FOODS<\/div><\/div><\/a><\/div>\t\t\t\t<\/div>\n\t\t\t\t\t\t\t\t\t\t\t\t\t\t\t\t\t\t\t\t\t<\/div>\n\t\t<\/div>\n\t\t\t\t\t\t<\/div>\n\t\t\t\t<\/div>\n\t\t\t\t\t<\/div>\n\t\t<\/div>\n\t\t\t\t<div class=\"elementor-column elementor-col-50 elementor-top-column elementor-element elementor-element-bc3ad8d\" data-id=\"bc3ad8d\" data-element_type=\"column\" data-e-type=\"column\">\n\t\t\t<div class=\"elementor-widget-wrap elementor-element-populated\">\n\t\t\t\t\t\t<div class=\"elementor-element elementor-element-e93a0eb elementor-product-loop-item--align-center elementor-grid-4 elementor-grid-tablet-3 elementor-grid-mobile-2 elementor-products-grid elementor-wc-products elementor-widget elementor-widget-woocommerce-products\" data-id=\"e93a0eb\" data-element_type=\"widget\" data-e-type=\"widget\" data-widget_type=\"woocommerce-products.default\">\n\t\t\t\t<div class=\"elementor-widget-container\">\n\t\t\t\t\t<div class=\"woocommerce columns-4\"><ul class=\"products elementor-grid columns-4\">\n<li class=\"desktop-align-left tablet-align-left mobile-align-left product type-product post-5562 status-publish first outofstock product_cat-seafood product_cat-shrimps product_tag-dried product_tag-shrimps has-post-thumbnail product-type-simple\">\n\t<a href=\"https:\/\/linhphammarket.com\/vi\/store\/products\/seafood\/shrimps-dried-large\/\" class=\"woocommerce-LoopProduct-link woocommerce-loop-product__link\"><img data-recalc-dims=\"1\" fetchpriority=\"high\" decoding=\"async\" width=\"400\" height=\"400\" src=\"https:\/\/i0.wp.com\/linhphammarket.com\/wp-content\/uploads\/2021\/07\/shirmp.jpg?resize=400%2C400&#038;ssl=1\" class=\"attachment-woocommerce_thumbnail size-woocommerce_thumbnail\" alt=\"Shrimps, Dried, Large\" srcset=\"https:\/\/i0.wp.com\/linhphammarket.com\/wp-content\/uploads\/2021\/07\/shirmp.jpg?resize=400%2C400&amp;ssl=1 400w, https:\/\/i0.wp.com\/linhphammarket.com\/wp-content\/uploads\/2021\/07\/shirmp.jpg?resize=100%2C100&amp;ssl=1 100w, https:\/\/i0.wp.com\/linhphammarket.com\/wp-content\/uploads\/2021\/07\/shirmp.jpg?resize=150%2C150&amp;ssl=1 150w\" sizes=\"(max-width: 400px) 100vw, 400px\" \/><h2 class=\"woocommerce-loop-product__title\">T\u00f4m Kh\u00f4 (lo\u1ea1i l\u1edbn)<\/h2>\n<\/a><a title='Quick View' class='shopengine-quickview-trigger se-btn'\n\t\t\t\t\tdata-source-url='https:\/\/linhphammarket.com\/vi\/store\/products\/seafood\/shrimps-dried-large\/'\n\t\t\t\t\thref='https:\/\/linhphammarket.com\/vi\/store\/products\/seafood\/shrimps-dried-large\/'>\n\t\t\t\t\t<i class=\"shopengine-icon-quick_view_1\"><\/i>\n\t\t\t\t<\/a><a href=\"https:\/\/linhphammarket.com\/vi\/store\/products\/seafood\/shrimps-dried-large\/\" aria-describedby=\"woocommerce_loop_add_to_cart_link_describedby_5562\" data-quantity=\"1\" class=\"button product_type_simple\" data-product_id=\"5562\" data-product_sku=\"\" aria-label=\"\u0110\u1ecdc th\u00eam v\u1ec1 \u201cShrimps, Dried, Large\u201d\" rel=\"nofollow\" data-success_message=\"\" data-no-translation=\"\" data-trp-gettext=\"\" data-no-translation-aria-label=\"\">\u0110\u1ecdc ti\u1ebfp<\/a>\t<span id=\"woocommerce_loop_add_to_cart_link_describedby_5562\" class=\"screen-reader-text\">\n\t\t\t<\/span>\n<\/li>\n<li class=\"desktop-align-left tablet-align-left mobile-align-left product type-product post-12415 status-publish instock product_cat-seafood product_cat-shrimps product_tag-dried product_tag-shrimps has-post-thumbnail purchasable product-type-simple\">\n\t<a href=\"https:\/\/linhphammarket.com\/vi\/store\/products\/seafood\/shrimps-dried-medium\/\" class=\"woocommerce-LoopProduct-link woocommerce-loop-product__link\"><img data-recalc-dims=\"1\" decoding=\"async\" width=\"400\" height=\"400\" src=\"https:\/\/i0.wp.com\/linhphammarket.com\/wp-content\/uploads\/2022\/01\/products_shrimp-medium.jpg?resize=400%2C400&#038;ssl=1\" class=\"attachment-woocommerce_thumbnail size-woocommerce_thumbnail\" alt=\"Shrimps, Dried, Medium\" srcset=\"https:\/\/i0.wp.com\/linhphammarket.com\/wp-content\/uploads\/2022\/01\/products_shrimp-medium.jpg?resize=400%2C400&amp;ssl=1 400w, https:\/\/i0.wp.com\/linhphammarket.com\/wp-content\/uploads\/2022\/01\/products_shrimp-medium.jpg?resize=100%2C100&amp;ssl=1 100w, https:\/\/i0.wp.com\/linhphammarket.com\/wp-content\/uploads\/2022\/01\/products_shrimp-medium.jpg?resize=300%2C300&amp;ssl=1 300w, https:\/\/i0.wp.com\/linhphammarket.com\/wp-content\/uploads\/2022\/01\/products_shrimp-medium.jpg?resize=150%2C150&amp;ssl=1 150w, https:\/\/i0.wp.com\/linhphammarket.com\/wp-content\/uploads\/2022\/01\/products_shrimp-medium.jpg?resize=768%2C768&amp;ssl=1 768w, https:\/\/i0.wp.com\/linhphammarket.com\/wp-content\/uploads\/2022\/01\/products_shrimp-medium.jpg?resize=12%2C12&amp;ssl=1 12w, https:\/\/i0.wp.com\/linhphammarket.com\/wp-content\/uploads\/2022\/01\/products_shrimp-medium.jpg?w=800&amp;ssl=1 800w\" sizes=\"(max-width: 400px) 100vw, 400px\" \/><h2 class=\"woocommerce-loop-product__title\">T\u00f4m Kh\u00f4 (lo\u1ea1i trung)<\/h2>\n\t<span class=\"price\"><span class=\"woocommerce-Price-amount amount\"><bdi><span class=\"woocommerce-Price-currencySymbol\">&#36;<\/span>30.00<\/bdi><\/span><\/span>\n<\/a><a title='Quick View' class='shopengine-quickview-trigger se-btn'\n\t\t\t\t\tdata-source-url='https:\/\/linhphammarket.com\/vi\/store\/products\/seafood\/shrimps-dried-medium\/'\n\t\t\t\t\thref='https:\/\/linhphammarket.com\/vi\/store\/products\/seafood\/shrimps-dried-medium\/'>\n\t\t\t\t\t<i class=\"shopengine-icon-quick_view_1\"><\/i>\n\t\t\t\t<\/a><a href=\"\/vi\/wp-json\/wp\/v2\/pages\/9596?add-to-cart=12415\" aria-describedby=\"woocommerce_loop_add_to_cart_link_describedby_12415\" data-quantity=\"1\" class=\"button product_type_simple add_to_cart_button ajax_add_to_cart\" data-product_id=\"12415\" data-product_sku=\"\" aria-label=\"Th\u00eam v\u00e0o gi\u1ecf h\u00e0ng: \u201cShrimps, Dried, Medium\u201d\" rel=\"nofollow\" data-success_message=\"\u201cShrimps, Dried, Medium\u201d \u0111\u00e3 \u0111\u01b0\u1ee3c th\u00eam v\u00e0o gi\u1ecf h\u00e0ng c\u1ee7a b\u1ea1n\" role=\"button\" data-no-translation=\"\" data-trp-gettext=\"\" data-no-translation-aria-label=\"\" data-no-translation-data-success_message=\"\">Th\u00eam v\u00e0o gi\u1ecf<\/a>\t<span id=\"woocommerce_loop_add_to_cart_link_describedby_12415\" class=\"screen-reader-text\">\n\t\t\t<\/span>\n<\/li>\n<\/ul>\n<\/div>\t\t\t\t<\/div>\n\t\t\t\t<\/div>\n\t\t\t\t\t<\/div>\n\t\t<\/div>\n\t\t\t\t\t<\/div>\n\t\t<\/section>\n\t\t\t\t<\/div>","protected":false},"excerpt":{"rendered":"<p>Shrimps SEAFOOD Fish Crabs Shellfish Shrimps Squid &#038; Octopus \u0110\u1eb6C S\u1ea2N B\u1ebeN TREJAPANESE FOODS<\/p>","protected":false},"author":1,"featured_media":0,"parent":0,"menu_order":0,"comment_status":"closed","ping_status":"closed","template":"","meta":{"nf_dc_page":"","om_disable_all_campaigns":false,"site-sidebar-layout":"no-sidebar","site-content-layout":"page-builder","ast-site-content-layout":"default","site-content-style":"default","site-sidebar-style":"default","ast-global-header-display":"","ast-banner-title-visibility":"","ast-main-header-display":"","ast-hfb-above-header-display":"","ast-hfb-below-header-display":"","ast-hfb-mobile-header-display":"","site-post-title":"disabled","ast-breadcrumbs-content":null,"ast-featured-img":"disabled","footer-sml-layout":"","ast-disable-related-posts":"","theme-transparent-header-meta":"default","adv-header-id-meta":null,"stick-header-meta":null,"header-above-stick-meta":null,"header-main-stick-meta":null,"header-below-stick-meta":null,"astra-migrate-meta-layouts":"default","ast-page-background-enabled":"default","ast-page-background-meta":{"desktop":{"background-color":"","background-image":"","background-repeat":"repeat","background-position":"center center","background-size":"auto","background-attachment":"scroll","background-type":"","background-media":"","overlay-type":"","overlay-color":"","overlay-opacity":"","overlay-gradient":""},"tablet":{"background-color":"","background-image":"","background-repeat":"repeat","background-position":"center center","background-size":"auto","background-attachment":"scroll","background-type":"","background-media":"","overlay-type":"","overlay-color":"","overlay-opacity":"","overlay-gradient":""},"mobile":{"background-color":"","background-image":"","background-repeat":"repeat","background-position":"center center","background-size":"auto","background-attachment":"scroll","background-type":"","background-media":"","overlay-type":"","overlay-color":"","overlay-opacity":"","overlay-gradient":""}},"ast-content-background-meta":{"desktop":{"background-color":"var(--ast-global-color-5)","background-image":"","background-repeat":"repeat","background-position":"center center","background-size":"auto","background-attachment":"scroll","background-type":"","background-media":"","overlay-type":"","overlay-color":"","overlay-opacity":"","overlay-gradient":""},"tablet":{"background-color":"var(--ast-global-color-5)","background-image":"","background-repeat":"repeat","background-position":"center center","background-size":"auto","background-attachment":"scroll","background-type":"","background-media":"","overlay-type":"","overlay-color":"","overlay-opacity":"","overlay-gradient":""},"mobile":{"background-color":"var(--ast-global-color-5)","background-image":"","background-repeat":"repeat","background-position":"center center","background-size":"auto","background-attachment":"scroll","background-type":"","background-media":"","overlay-type":"","overlay-color":"","overlay-opacity":"","overlay-gradient":""}},"footnotes":""},"class_list":["post-9596","page","type-page","status-publish","hentry"],"yoast_head":"<!-- This site is optimized with the Yoast SEO plugin v27.5 - https:\/\/yoast.com\/product\/yoast-seo-wordpress\/ -->\n<title>Shrimps - LinhPhamMarket.com<\/title>\n<meta name=\"robots\" content=\"noindex, follow, max-snippet:-1, max-image-preview:large, max-video-preview:-1\" \/>\n<meta property=\"og:locale\" content=\"vi_VN\" \/>\n<meta property=\"og:type\" content=\"article\" \/>\n<meta property=\"og:title\" content=\"Shrimps - LinhPhamMarket.com\" \/>\n<meta property=\"og:description\" content=\"Shrimps SEAFOOD Fish Crabs Shellfish Shrimps Squid &#038; Octopus \u0110\u1eb6C S\u1ea2N B\u1ebeN TREJAPANESE FOODS\" \/>\n<meta property=\"og:url\" content=\"https:\/\/linhphammarket.com\/vi\/shrimps\/\" \/>\n<meta property=\"og:site_name\" content=\"LinhPhamMarket.com\" \/>\n<meta property=\"article:modified_time\" content=\"2022-06-27T09:16:02+00:00\" \/>\n<meta name=\"twitter:card\" content=\"summary_large_image\" \/>\n<meta name=\"twitter:label1\" content=\"\u01af\u1edbc t\u00ednh th\u1eddi gian \u0111\u1ecdc\" \/>\n\t<meta name=\"twitter:data1\" content=\"3 ph\u00fat\" \/>\n<script type=\"application\/ld+json\" class=\"yoast-schema-graph\">{\"@context\":\"https:\\\/\\\/schema.org\",\"@graph\":[{\"@type\":\"WebPage\",\"@id\":\"https:\\\/\\\/linhphammarket.com\\\/shrimps\\\/\",\"url\":\"https:\\\/\\\/linhphammarket.com\\\/shrimps\\\/\",\"name\":\"Shrimps - LinhPhamMarket.com\",\"isPartOf\":{\"@id\":\"https:\\\/\\\/linhphammarket.com\\\/#website\"},\"datePublished\":\"2021-10-21T03:37:35+00:00\",\"dateModified\":\"2022-06-27T09:16:02+00:00\",\"breadcrumb\":{\"@id\":\"https:\\\/\\\/linhphammarket.com\\\/shrimps\\\/#breadcrumb\"},\"inLanguage\":\"vi\",\"potentialAction\":[{\"@type\":\"ReadAction\",\"target\":[\"https:\\\/\\\/linhphammarket.com\\\/shrimps\\\/\"]}]},{\"@type\":\"BreadcrumbList\",\"@id\":\"https:\\\/\\\/linhphammarket.com\\\/shrimps\\\/#breadcrumb\",\"itemListElement\":[{\"@type\":\"ListItem\",\"position\":1,\"name\":\"Home\",\"item\":\"https:\\\/\\\/linhphammarket.com\\\/\"},{\"@type\":\"ListItem\",\"position\":2,\"name\":\"Shrimps\"}]},{\"@type\":\"WebSite\",\"@id\":\"https:\\\/\\\/linhphammarket.com\\\/#website\",\"url\":\"https:\\\/\\\/linhphammarket.com\\\/\",\"name\":\"LinhPhamMarket.com\",\"description\":\"Asian Foods Online\",\"publisher\":{\"@id\":\"https:\\\/\\\/linhphammarket.com\\\/#organization\"},\"potentialAction\":[{\"@type\":\"SearchAction\",\"target\":{\"@type\":\"EntryPoint\",\"urlTemplate\":\"https:\\\/\\\/linhphammarket.com\\\/?s={search_term_string}\"},\"query-input\":{\"@type\":\"PropertyValueSpecification\",\"valueRequired\":true,\"valueName\":\"search_term_string\"}}],\"inLanguage\":\"vi\"},{\"@type\":\"Organization\",\"@id\":\"https:\\\/\\\/linhphammarket.com\\\/#organization\",\"name\":\"Unipaq Corp.\",\"url\":\"https:\\\/\\\/linhphammarket.com\\\/\",\"logo\":{\"@type\":\"ImageObject\",\"inLanguage\":\"vi\",\"@id\":\"https:\\\/\\\/linhphammarket.com\\\/#\\\/schema\\\/logo\\\/image\\\/\",\"url\":\"https:\\\/\\\/linhphammarket.com\\\/wp-content\\\/uploads\\\/2021\\\/01\\\/unipaq.png\",\"contentUrl\":\"https:\\\/\\\/linhphammarket.com\\\/wp-content\\\/uploads\\\/2021\\\/01\\\/unipaq.png\",\"width\":396,\"height\":120,\"caption\":\"Unipaq Corp.\"},\"image\":{\"@id\":\"https:\\\/\\\/linhphammarket.com\\\/#\\\/schema\\\/logo\\\/image\\\/\"}}]}<\/script>\n<!-- \/ Yoast SEO plugin. -->","yoast_head_json":{"title":"Shrimps - LinhPhamMarket.com","robots":{"index":"noindex","follow":"follow","max-snippet":"max-snippet:-1","max-image-preview":"max-image-preview:large","max-video-preview":"max-video-preview:-1"},"og_locale":"vi_VN","og_type":"article","og_title":"Shrimps - LinhPhamMarket.com","og_description":"Shrimps SEAFOOD Fish Crabs Shellfish Shrimps Squid &#038; Octopus \u0110\u1eb6C S\u1ea2N B\u1ebeN TREJAPANESE FOODS","og_url":"https:\/\/linhphammarket.com\/vi\/shrimps\/","og_site_name":"LinhPhamMarket.com","article_modified_time":"2022-06-27T09:16:02+00:00","twitter_card":"summary_large_image","twitter_misc":{"\u01af\u1edbc t\u00ednh th\u1eddi gian \u0111\u1ecdc":"3 ph\u00fat"},"schema":{"@context":"https:\/\/schema.org","@graph":[{"@type":"WebPage","@id":"https:\/\/linhphammarket.com\/shrimps\/","url":"https:\/\/linhphammarket.com\/shrimps\/","name":"Shrimps - LinhPhamMarket.com","isPartOf":{"@id":"https:\/\/linhphammarket.com\/#website"},"datePublished":"2021-10-21T03:37:35+00:00","dateModified":"2022-06-27T09:16:02+00:00","breadcrumb":{"@id":"https:\/\/linhphammarket.com\/shrimps\/#breadcrumb"},"inLanguage":"vi","potentialAction":[{"@type":"ReadAction","target":["https:\/\/linhphammarket.com\/shrimps\/"]}]},{"@type":"BreadcrumbList","@id":"https:\/\/linhphammarket.com\/shrimps\/#breadcrumb","itemListElement":[{"@type":"ListItem","position":1,"name":"Home","item":"https:\/\/linhphammarket.com\/"},{"@type":"ListItem","position":2,"name":"Shrimps"}]},{"@type":"WebSite","@id":"https:\/\/linhphammarket.com\/#website","url":"https:\/\/linhphammarket.com\/","name":"LinhPhamMarket.com","description":"Asian Foods Online","publisher":{"@id":"https:\/\/linhphammarket.com\/#organization"},"potentialAction":[{"@type":"SearchAction","target":{"@type":"EntryPoint","urlTemplate":"https:\/\/linhphammarket.com\/?s={search_term_string}"},"query-input":{"@type":"PropertyValueSpecification","valueRequired":true,"valueName":"search_term_string"}}],"inLanguage":"vi"},{"@type":"Organization","@id":"https:\/\/linhphammarket.com\/#organization","name":"Unipaq Corp.","url":"https:\/\/linhphammarket.com\/","logo":{"@type":"ImageObject","inLanguage":"vi","@id":"https:\/\/linhphammarket.com\/#\/schema\/logo\/image\/","url":"https:\/\/linhphammarket.com\/wp-content\/uploads\/2021\/01\/unipaq.png","contentUrl":"https:\/\/linhphammarket.com\/wp-content\/uploads\/2021\/01\/unipaq.png","width":396,"height":120,"caption":"Unipaq Corp."},"image":{"@id":"https:\/\/linhphammarket.com\/#\/schema\/logo\/image\/"}}]}},"jetpack_sharing_enabled":true,"_links":{"self":[{"href":"https:\/\/linhphammarket.com\/vi\/wp-json\/wp\/v2\/pages\/9596","targetHints":{"allow":["GET"]}}],"collection":[{"href":"https:\/\/linhphammarket.com\/vi\/wp-json\/wp\/v2\/pages"}],"about":[{"href":"https:\/\/linhphammarket.com\/vi\/wp-json\/wp\/v2\/types\/page"}],"author":[{"embeddable":true,"href":"https:\/\/linhphammarket.com\/vi\/wp-json\/wp\/v2\/users\/1"}],"replies":[{"embeddable":true,"href":"https:\/\/linhphammarket.com\/vi\/wp-json\/wp\/v2\/comments?post=9596"}],"version-history":[{"count":82,"href":"https:\/\/linhphammarket.com\/vi\/wp-json\/wp\/v2\/pages\/9596\/revisions"}],"predecessor-version":[{"id":13378,"href":"https:\/\/linhphammarket.com\/vi\/wp-json\/wp\/v2\/pages\/9596\/revisions\/13378"}],"wp:attachment":[{"href":"https:\/\/linhphammarket.com\/vi\/wp-json\/wp\/v2\/media?parent=9596"}],"curies":[{"name":"wp","href":"https:\/\/api.w.org\/{rel}","templated":true}]}}