{"id":5868,"date":"2021-07-08T05:21:07","date_gmt":"2021-07-08T05:21:07","guid":{"rendered":"https:\/\/linhphammarket.com\/?post_type=product&#038;p=5868"},"modified":"2022-07-12T19:41:26","modified_gmt":"2022-07-12T19:41:26","slug":"ramie","status":"publish","type":"product","link":"https:\/\/linhphammarket.com\/vi\/store\/products\/plants\/herbs-spices-plants\/ramie\/","title":{"rendered":"L\u00e1 Gai"},"content":{"rendered":"<p>Ramie (Boehmeria) Vietnamese La Gai<\/p>\n<p>Ramie (Boehmeria) &#8211; Vietnamese L\u00e1 Gai Live Plants With Good Root &#8211; Fresh From Our Garden(You Will Receive 1 Plant(s) in a 3&#8243; Tall Pot &#8211; 4&#8243; To 6&#8243; Tall &#8211; Rare To Find)<\/p>\n<p>We Start Our Garden With 2 Plants and now having more than 100 of them. Just Want to share with others,&#8230;.<br \/>\nRamie is one of the strongest natural fibers. It exhibits even greater strength when wet. Ramie fiber is known especially for its ability to hold shape, reduce wrinkling, and introduce a silky lustre to the fabric appearance. It is not as durable as other fibers, and so is usually used as a blend with other fibers such as cotton or wool. It is similar to flaxin absorbency, density and microscopic appearance. However it will not dye as well as cotton. Because of its high molecular crystallinity, ramie is stiff and brittle and will break if folded repeatedly in the same place; it lacks resiliency and is low in elasticity and elongation potential In Vietnam, it is used for B\u00e1nh \u00cdt L\u00e1 Gai<\/p>","protected":false},"excerpt":{"rendered":"<p>Ramie (Boehmeria) Vietnamese La Gai Ramie (Boehmeria) &#8211; Vietnamese L\u00e1 Gai Live Plants With Good Root &#8211; Fresh From Our Garden(You Will Receive 1 Plant(s) in a 3&#8243; Tall Pot &#8211; 4&#8243; To 6&#8243; Tall &#8211; Rare To Find) We Start Our Garden With 2 Plants and now having more than 100 of them. Just [&hellip;]<\/p>\n","protected":false},"featured_media":5870,"comment_status":"open","ping_status":"closed","template":"","meta":{"nf_dc_page":"","om_disable_all_campaigns":false,"site-sidebar-layout":"default","site-content-layout":"default","ast-site-content-layout":"default","site-content-style":"default","site-sidebar-style":"default","ast-global-header-display":"","ast-banner-title-visibility":"","ast-main-header-display":"","ast-hfb-above-header-display":"","ast-hfb-below-header-display":"","ast-hfb-mobile-header-display":"","site-post-title":"","ast-breadcrumbs-content":"","ast-featured-img":"","footer-sml-layout":"","ast-disable-related-posts":"","theme-transparent-header-meta":"default","adv-header-id-meta":null,"stick-header-meta":null,"header-above-stick-meta":null,"header-main-stick-meta":null,"header-below-stick-meta":null,"astra-migrate-meta-layouts":"default","ast-page-background-enabled":"default","ast-page-background-meta":{"desktop":{"background-color":"","background-image":"","background-repeat":"repeat","background-position":"center center","background-size":"auto","background-attachment":"scroll","background-type":"","background-media":"","overlay-type":"","overlay-color":"","overlay-opacity":"","overlay-gradient":""},"tablet":{"background-color":"","background-image":"","background-repeat":"repeat","background-position":"center center","background-size":"auto","background-attachment":"scroll","background-type":"","background-media":"","overlay-type":"","overlay-color":"","overlay-opacity":"","overlay-gradient":""},"mobile":{"background-color":"","background-image":"","background-repeat":"repeat","background-position":"center center","background-size":"auto","background-attachment":"scroll","background-type":"","background-media":"","overlay-type":"","overlay-color":"","overlay-opacity":"","overlay-gradient":""}},"ast-content-background-meta":{"desktop":{"background-color":"var(--ast-global-color-5)","background-image":"","background-repeat":"repeat","background-position":"center center","background-size":"auto","background-attachment":"scroll","background-type":"","background-media":"","overlay-type":"","overlay-color":"","overlay-opacity":"","overlay-gradient":""},"tablet":{"background-color":"var(--ast-global-color-5)","background-image":"","background-repeat":"repeat","background-position":"center center","background-size":"auto","background-attachment":"scroll","background-type":"","background-media":"","overlay-type":"","overlay-color":"","overlay-opacity":"","overlay-gradient":""},"mobile":{"background-color":"var(--ast-global-color-5)","background-image":"","background-repeat":"repeat","background-position":"center center","background-size":"auto","background-attachment":"scroll","background-type":"","background-media":"","overlay-type":"","overlay-color":"","overlay-opacity":"","overlay-gradient":""}}},"product_brand":[],"product_cat":[199],"product_tag":[],"class_list":{"0":"post-5868","1":"product","2":"type-product","3":"status-publish","4":"has-post-thumbnail","6":"product_cat-herbs-spices-plants","7":"desktop-align-left","8":"tablet-align-left","9":"mobile-align-left","11":"first","12":"instock","13":"purchasable","14":"product-type-simple"},"yoast_head":"<!-- This site is optimized with the Yoast SEO plugin v27.5 - https:\/\/yoast.com\/product\/yoast-seo-wordpress\/ -->\n<title>Ramie - LinhPhamMarket.com<\/title>\n<meta name=\"robots\" content=\"noindex, follow, max-snippet:-1, max-image-preview:large, max-video-preview:-1\" \/>\n<meta property=\"og:locale\" content=\"vi_VN\" \/>\n<meta property=\"og:type\" content=\"article\" \/>\n<meta property=\"og:title\" content=\"Ramie - LinhPhamMarket.com\" \/>\n<meta property=\"og:description\" content=\"Ramie (Boehmeria) Vietnamese La Gai Ramie (Boehmeria) &#8211; Vietnamese L\u00e1 Gai Live Plants With Good Root &#8211; Fresh From Our Garden(You Will Receive 1 Plant(s) in a 3&#8243; Tall Pot &#8211; 4&#8243; To 6&#8243; Tall &#8211; Rare To Find) We Start Our Garden With 2 Plants and now having more than 100 of them. Just [&hellip;]\" \/>\n<meta property=\"og:url\" content=\"https:\/\/linhphammarket.com\/vi\/store\/uncategorized\/ramie\/\" \/>\n<meta property=\"og:site_name\" content=\"LinhPhamMarket.com\" \/>\n<meta property=\"article:modified_time\" content=\"2022-07-12T19:41:26+00:00\" \/>\n<meta property=\"og:image\" content=\"https:\/\/linhphammarket.com\/wp-content\/uploads\/2021\/07\/lagai-2.jpg\" \/>\n\t<meta property=\"og:image:width\" content=\"720\" \/>\n\t<meta property=\"og:image:height\" content=\"540\" \/>\n\t<meta property=\"og:image:type\" content=\"image\/jpeg\" \/>\n<meta name=\"twitter:card\" content=\"summary_large_image\" \/>\n<meta name=\"twitter:label1\" content=\"\u01af\u1edbc t\u00ednh th\u1eddi gian \u0111\u1ecdc\" \/>\n\t<meta name=\"twitter:data1\" content=\"1 ph\u00fat\" \/>\n<script type=\"application\/ld+json\" class=\"yoast-schema-graph\">{\"@context\":\"https:\\\/\\\/schema.org\",\"@graph\":[{\"@type\":\"WebPage\",\"@id\":\"https:\\\/\\\/linhphammarket.com\\\/store\\\/uncategorized\\\/ramie\\\/\",\"url\":\"https:\\\/\\\/linhphammarket.com\\\/store\\\/uncategorized\\\/ramie\\\/\",\"name\":\"Ramie - LinhPhamMarket.com\",\"isPartOf\":{\"@id\":\"https:\\\/\\\/linhphammarket.com\\\/#website\"},\"primaryImageOfPage\":{\"@id\":\"https:\\\/\\\/linhphammarket.com\\\/store\\\/uncategorized\\\/ramie\\\/#primaryimage\"},\"image\":{\"@id\":\"https:\\\/\\\/linhphammarket.com\\\/store\\\/uncategorized\\\/ramie\\\/#primaryimage\"},\"thumbnailUrl\":\"https:\\\/\\\/i0.wp.com\\\/linhphammarket.com\\\/wp-content\\\/uploads\\\/2021\\\/07\\\/lagai-2.jpg?fit=720%2C540&ssl=1\",\"datePublished\":\"2021-07-08T05:21:07+00:00\",\"dateModified\":\"2022-07-12T19:41:26+00:00\",\"breadcrumb\":{\"@id\":\"https:\\\/\\\/linhphammarket.com\\\/store\\\/uncategorized\\\/ramie\\\/#breadcrumb\"},\"inLanguage\":\"vi\",\"potentialAction\":[{\"@type\":\"ReadAction\",\"target\":[\"https:\\\/\\\/linhphammarket.com\\\/store\\\/uncategorized\\\/ramie\\\/\"]}]},{\"@type\":\"ImageObject\",\"inLanguage\":\"vi\",\"@id\":\"https:\\\/\\\/linhphammarket.com\\\/store\\\/uncategorized\\\/ramie\\\/#primaryimage\",\"url\":\"https:\\\/\\\/i0.wp.com\\\/linhphammarket.com\\\/wp-content\\\/uploads\\\/2021\\\/07\\\/lagai-2.jpg?fit=720%2C540&ssl=1\",\"contentUrl\":\"https:\\\/\\\/i0.wp.com\\\/linhphammarket.com\\\/wp-content\\\/uploads\\\/2021\\\/07\\\/lagai-2.jpg?fit=720%2C540&ssl=1\",\"width\":720,\"height\":540},{\"@type\":\"BreadcrumbList\",\"@id\":\"https:\\\/\\\/linhphammarket.com\\\/store\\\/uncategorized\\\/ramie\\\/#breadcrumb\",\"itemListElement\":[{\"@type\":\"ListItem\",\"position\":1,\"name\":\"Home\",\"item\":\"https:\\\/\\\/linhphammarket.com\\\/\"},{\"@type\":\"ListItem\",\"position\":2,\"name\":\"Products\",\"item\":\"https:\\\/\\\/linhphammarket.com\\\/shop\\\/\"},{\"@type\":\"ListItem\",\"position\":3,\"name\":\"Ramie\"}]},{\"@type\":\"WebSite\",\"@id\":\"https:\\\/\\\/linhphammarket.com\\\/#website\",\"url\":\"https:\\\/\\\/linhphammarket.com\\\/\",\"name\":\"LinhPhamMarket.com\",\"description\":\"Asian Foods Online\",\"publisher\":{\"@id\":\"https:\\\/\\\/linhphammarket.com\\\/#organization\"},\"potentialAction\":[{\"@type\":\"SearchAction\",\"target\":{\"@type\":\"EntryPoint\",\"urlTemplate\":\"https:\\\/\\\/linhphammarket.com\\\/?s={search_term_string}\"},\"query-input\":{\"@type\":\"PropertyValueSpecification\",\"valueRequired\":true,\"valueName\":\"search_term_string\"}}],\"inLanguage\":\"vi\"},{\"@type\":\"Organization\",\"@id\":\"https:\\\/\\\/linhphammarket.com\\\/#organization\",\"name\":\"Unipaq Corp.\",\"url\":\"https:\\\/\\\/linhphammarket.com\\\/\",\"logo\":{\"@type\":\"ImageObject\",\"inLanguage\":\"vi\",\"@id\":\"https:\\\/\\\/linhphammarket.com\\\/#\\\/schema\\\/logo\\\/image\\\/\",\"url\":\"https:\\\/\\\/linhphammarket.com\\\/wp-content\\\/uploads\\\/2021\\\/01\\\/unipaq.png\",\"contentUrl\":\"https:\\\/\\\/linhphammarket.com\\\/wp-content\\\/uploads\\\/2021\\\/01\\\/unipaq.png\",\"width\":396,\"height\":120,\"caption\":\"Unipaq Corp.\"},\"image\":{\"@id\":\"https:\\\/\\\/linhphammarket.com\\\/#\\\/schema\\\/logo\\\/image\\\/\"}}]}<\/script>\n<!-- \/ Yoast SEO plugin. -->","yoast_head_json":{"title":"Ramie - LinhPhamMarket.com","robots":{"index":"noindex","follow":"follow","max-snippet":"max-snippet:-1","max-image-preview":"max-image-preview:large","max-video-preview":"max-video-preview:-1"},"og_locale":"vi_VN","og_type":"article","og_title":"Ramie - LinhPhamMarket.com","og_description":"Ramie (Boehmeria) Vietnamese La Gai Ramie (Boehmeria) &#8211; Vietnamese L\u00e1 Gai Live Plants With Good Root &#8211; Fresh From Our Garden(You Will Receive 1 Plant(s) in a 3&#8243; Tall Pot &#8211; 4&#8243; To 6&#8243; Tall &#8211; Rare To Find) We Start Our Garden With 2 Plants and now having more than 100 of them. Just [&hellip;]","og_url":"https:\/\/linhphammarket.com\/vi\/store\/uncategorized\/ramie\/","og_site_name":"LinhPhamMarket.com","article_modified_time":"2022-07-12T19:41:26+00:00","og_image":[{"width":720,"height":540,"url":"https:\/\/linhphammarket.com\/wp-content\/uploads\/2021\/07\/lagai-2.jpg","type":"image\/jpeg"}],"twitter_card":"summary_large_image","twitter_misc":{"\u01af\u1edbc t\u00ednh th\u1eddi gian \u0111\u1ecdc":"1 ph\u00fat"},"schema":{"@context":"https:\/\/schema.org","@graph":[{"@type":"WebPage","@id":"https:\/\/linhphammarket.com\/store\/uncategorized\/ramie\/","url":"https:\/\/linhphammarket.com\/store\/uncategorized\/ramie\/","name":"Ramie - LinhPhamMarket.com","isPartOf":{"@id":"https:\/\/linhphammarket.com\/#website"},"primaryImageOfPage":{"@id":"https:\/\/linhphammarket.com\/store\/uncategorized\/ramie\/#primaryimage"},"image":{"@id":"https:\/\/linhphammarket.com\/store\/uncategorized\/ramie\/#primaryimage"},"thumbnailUrl":"https:\/\/i0.wp.com\/linhphammarket.com\/wp-content\/uploads\/2021\/07\/lagai-2.jpg?fit=720%2C540&ssl=1","datePublished":"2021-07-08T05:21:07+00:00","dateModified":"2022-07-12T19:41:26+00:00","breadcrumb":{"@id":"https:\/\/linhphammarket.com\/store\/uncategorized\/ramie\/#breadcrumb"},"inLanguage":"vi","potentialAction":[{"@type":"ReadAction","target":["https:\/\/linhphammarket.com\/store\/uncategorized\/ramie\/"]}]},{"@type":"ImageObject","inLanguage":"vi","@id":"https:\/\/linhphammarket.com\/store\/uncategorized\/ramie\/#primaryimage","url":"https:\/\/i0.wp.com\/linhphammarket.com\/wp-content\/uploads\/2021\/07\/lagai-2.jpg?fit=720%2C540&ssl=1","contentUrl":"https:\/\/i0.wp.com\/linhphammarket.com\/wp-content\/uploads\/2021\/07\/lagai-2.jpg?fit=720%2C540&ssl=1","width":720,"height":540},{"@type":"BreadcrumbList","@id":"https:\/\/linhphammarket.com\/store\/uncategorized\/ramie\/#breadcrumb","itemListElement":[{"@type":"ListItem","position":1,"name":"Home","item":"https:\/\/linhphammarket.com\/"},{"@type":"ListItem","position":2,"name":"Products","item":"https:\/\/linhphammarket.com\/shop\/"},{"@type":"ListItem","position":3,"name":"Ramie"}]},{"@type":"WebSite","@id":"https:\/\/linhphammarket.com\/#website","url":"https:\/\/linhphammarket.com\/","name":"LinhPhamMarket.com","description":"Asian Foods Online","publisher":{"@id":"https:\/\/linhphammarket.com\/#organization"},"potentialAction":[{"@type":"SearchAction","target":{"@type":"EntryPoint","urlTemplate":"https:\/\/linhphammarket.com\/?s={search_term_string}"},"query-input":{"@type":"PropertyValueSpecification","valueRequired":true,"valueName":"search_term_string"}}],"inLanguage":"vi"},{"@type":"Organization","@id":"https:\/\/linhphammarket.com\/#organization","name":"Unipaq Corp.","url":"https:\/\/linhphammarket.com\/","logo":{"@type":"ImageObject","inLanguage":"vi","@id":"https:\/\/linhphammarket.com\/#\/schema\/logo\/image\/","url":"https:\/\/linhphammarket.com\/wp-content\/uploads\/2021\/01\/unipaq.png","contentUrl":"https:\/\/linhphammarket.com\/wp-content\/uploads\/2021\/01\/unipaq.png","width":396,"height":120,"caption":"Unipaq Corp."},"image":{"@id":"https:\/\/linhphammarket.com\/#\/schema\/logo\/image\/"}}]}},"jetpack_sharing_enabled":true,"_links":{"self":[{"href":"https:\/\/linhphammarket.com\/vi\/wp-json\/wp\/v2\/product\/5868","targetHints":{"allow":["GET"]}}],"collection":[{"href":"https:\/\/linhphammarket.com\/vi\/wp-json\/wp\/v2\/product"}],"about":[{"href":"https:\/\/linhphammarket.com\/vi\/wp-json\/wp\/v2\/types\/product"}],"replies":[{"embeddable":true,"href":"https:\/\/linhphammarket.com\/vi\/wp-json\/wp\/v2\/comments?post=5868"}],"version-history":[{"count":1,"href":"https:\/\/linhphammarket.com\/vi\/wp-json\/wp\/v2\/product\/5868\/revisions"}],"predecessor-version":[{"id":5871,"href":"https:\/\/linhphammarket.com\/vi\/wp-json\/wp\/v2\/product\/5868\/revisions\/5871"}],"wp:featuredmedia":[{"embeddable":true,"href":"https:\/\/linhphammarket.com\/vi\/wp-json\/wp\/v2\/media\/5870"}],"wp:attachment":[{"href":"https:\/\/linhphammarket.com\/vi\/wp-json\/wp\/v2\/media?parent=5868"}],"wp:term":[{"taxonomy":"product_brand","embeddable":true,"href":"https:\/\/linhphammarket.com\/vi\/wp-json\/wp\/v2\/product_brand?post=5868"},{"taxonomy":"product_cat","embeddable":true,"href":"https:\/\/linhphammarket.com\/vi\/wp-json\/wp\/v2\/product_cat?post=5868"},{"taxonomy":"product_tag","embeddable":true,"href":"https:\/\/linhphammarket.com\/vi\/wp-json\/wp\/v2\/product_tag?post=5868"}],"curies":[{"name":"wp","href":"https:\/\/api.w.org\/{rel}","templated":true}]}}