{"id":7056,"date":"2021-09-26T14:39:20","date_gmt":"2021-09-26T14:39:20","guid":{"rendered":"https:\/\/linhphammarket.com\/?post_type=product&#038;p=7056"},"modified":"2021-10-31T23:30:25","modified_gmt":"2021-10-31T23:30:25","slug":"durian-puangmanee-pulp","status":"publish","type":"product","link":"https:\/\/linhphammarket.com\/vi\/store\/products\/fruits\/durian-puangmanee-pulp\/","title":{"rendered":"Durian, Puang Manee, Pulp"},"content":{"rendered":"","protected":false},"excerpt":{"rendered":"<p>Puang Manee Premium Durian Pulp.<\/p>\n<p>10 oz per box<\/p>\n<div class=\"kvgmc6g5 cxmmr5t8 oygrvhab hcukyx3x c1et5uql ii04i59q\">\n<div dir=\"auto\">PUANG MANEE DURIAN l\u00e0 m\u1ed9t lo\u1ea1i S\u1ea7u ri\u00eang qu\u00fd hi\u1ebfm t\u1eeb t\u1ec9nh Chanthaburi c\u1ee7a Th\u00e1i Lan. Lo\u1ea1i qu\u1ea3 n\u00e0y th\u01b0\u1eddng c\u00f3 tr\u1ecdng l\u01b0\u1ee3ng t\u1eeb 1,0 \u0111\u1ebfn 2,5 kg. Lo\u1ea1i tr\u00e1i c\u00e2y n\u00e0y c\u00f3 ph\u1ea7n th\u1ecbt m\u00e0u v\u00e0ng s\u1eabm v\u1edbi h\u01b0\u01a1ng v\u1ecb \u0111\u1eadm \u0111\u00e0, c\u01a1m r\u00e1o, min, d\u1ebbo v\u00e0 dai, t\u1ea1o c\u1ea3m gi\u00e1c ngon mi\u1ec7ng \u0111\u1ed9c \u0111\u00e1o cho t\u1ea5t c\u1ea3 nh\u1eefng ng\u01b0\u1eddi y\u00eau th\u00edch s\u1ea7u ri\u00eang! M\u1eddi b\u1ea1n th\u01b0\u1edfng th\u1ee9c.\nS\u1ea7u ri\u00eang c\u1ee7a ch\u00fang t\u00f4i, \u0111\u01b0\u1ee3c l\u1ef1a ch\u1ecdn c\u1ea9n th\u1eadn \u0111\u1ec3 c\u00f3 ch\u1ea5t l\u01b0\u1ee3ng v\u00e0 \u0111\u1ed9 ch\u00edn cao nh\u1ea5t \u0111\u1ec3 \u0111\u1ea3m b\u1ea3o h\u01b0\u01a1ng v\u1ecb tuy\u1ec7t v\u1eddi nh\u1ea5t. H\u00e0nh tr\u00ecnh tr\u1eef \u0111\u00f4ng v\u00e0 b\u1ea3o qu\u1ea3n ho\u00e0n h\u1ea3o c\u1ee7a ch\u00fang t\u00f4i \u0111\u00e3 b\u1ea3o qu\u1ea3n m\u1ed9t m\u00f3n \u0103n k\u1ef3 l\u1ea1 \u0111\u1ec3 b\u1ea1n th\u01b0\u1edfng th\u1ee9c kh\u00f3 qu\u00ean. \nGia 1 hop 300gram\n10 hop $200 \n( Gia bao gom phi ship overnight tan nha)<\/div>\n<div dir=\"auto\"><\/div>\n<\/div>\n<div class=\"o9v6fnle cxmmr5t8 oygrvhab hcukyx3x c1et5uql ii04i59q\">\n<div dir=\"auto\">We invite you to savor our Durian, carefully selected for its highest quality and peak of ripeness to ensure the most delightful taste. Our impeccable freezing and storage journey has preserved an exotic treat like no other for your unforgettable enjoyment. Enjoy!<\/div>\n<\/div>","protected":false},"featured_media":7058,"comment_status":"open","ping_status":"closed","template":"","meta":{"nf_dc_page":"","om_disable_all_campaigns":false,"site-sidebar-layout":"default","site-content-layout":"default","ast-site-content-layout":"default","site-content-style":"default","site-sidebar-style":"default","ast-global-header-display":"","ast-banner-title-visibility":"","ast-main-header-display":"","ast-hfb-above-header-display":"","ast-hfb-below-header-display":"","ast-hfb-mobile-header-display":"","site-post-title":"","ast-breadcrumbs-content":"","ast-featured-img":"","footer-sml-layout":"","ast-disable-related-posts":"","theme-transparent-header-meta":"default","adv-header-id-meta":null,"stick-header-meta":null,"header-above-stick-meta":null,"header-main-stick-meta":null,"header-below-stick-meta":null,"astra-migrate-meta-layouts":"default","ast-page-background-enabled":"default","ast-page-background-meta":{"desktop":{"background-color":"","background-image":"","background-repeat":"repeat","background-position":"center center","background-size":"auto","background-attachment":"scroll","background-type":"","background-media":"","overlay-type":"","overlay-color":"","overlay-opacity":"","overlay-gradient":""},"tablet":{"background-color":"","background-image":"","background-repeat":"repeat","background-position":"center center","background-size":"auto","background-attachment":"scroll","background-type":"","background-media":"","overlay-type":"","overlay-color":"","overlay-opacity":"","overlay-gradient":""},"mobile":{"background-color":"","background-image":"","background-repeat":"repeat","background-position":"center center","background-size":"auto","background-attachment":"scroll","background-type":"","background-media":"","overlay-type":"","overlay-color":"","overlay-opacity":"","overlay-gradient":""}},"ast-content-background-meta":{"desktop":{"background-color":"var(--ast-global-color-5)","background-image":"","background-repeat":"repeat","background-position":"center center","background-size":"auto","background-attachment":"scroll","background-type":"","background-media":"","overlay-type":"","overlay-color":"","overlay-opacity":"","overlay-gradient":""},"tablet":{"background-color":"var(--ast-global-color-5)","background-image":"","background-repeat":"repeat","background-position":"center center","background-size":"auto","background-attachment":"scroll","background-type":"","background-media":"","overlay-type":"","overlay-color":"","overlay-opacity":"","overlay-gradient":""},"mobile":{"background-color":"var(--ast-global-color-5)","background-image":"","background-repeat":"repeat","background-position":"center center","background-size":"auto","background-attachment":"scroll","background-type":"","background-media":"","overlay-type":"","overlay-color":"","overlay-opacity":"","overlay-gradient":""}}},"product_brand":[],"product_cat":[110,154,180],"product_tag":[],"class_list":{"0":"post-7056","1":"product","2":"type-product","3":"status-publish","4":"has-post-thumbnail","6":"product_cat-duriansfrozen","7":"product_cat-fruits","8":"product_cat-new-arrivals","9":"desktop-align-left","10":"tablet-align-left","11":"mobile-align-left","13":"first","14":"instock","15":"taxable","16":"shipping-taxable","17":"purchasable","18":"product-type-simple"},"yoast_head":"<!-- This site is optimized with the Yoast SEO plugin v27.5 - https:\/\/yoast.com\/product\/yoast-seo-wordpress\/ -->\n<title>Durian, Puang Manee, Pulp - LinhPhamMarket.com<\/title>\n<meta name=\"robots\" content=\"noindex, follow, max-snippet:-1, max-image-preview:large, max-video-preview:-1\" \/>\n<meta property=\"og:locale\" content=\"vi_VN\" \/>\n<meta property=\"og:type\" content=\"article\" \/>\n<meta property=\"og:title\" content=\"Durian, Puang Manee, Pulp - LinhPhamMarket.com\" \/>\n<meta property=\"og:description\" content=\"Puang Manee Premium Durian Pulp.  10 oz per box  PUANG MANEE DURIAN is a rare variety of Durian from the Chanthaburi Province of Thailand. Fruits are typically weighting from 1.0 to 2.5 kg. This fruit has a dark yellow flesh that boasts a rich, tender taste and chewy texture, uniquely appetizing for all durian lovers!    We invite you to savor our Durian, carefully selected for its highest quality and peak of ripeness to ensure the most delightful taste. Our impeccable freezing and storage journey has preserved an exotic treat like no other for your unforgettable enjoyment. Enjoy!\" \/>\n<meta property=\"og:url\" content=\"https:\/\/linhphammarket.com\/vi\/store\/products\/fruits\/durian-puangmanee-pulp\/\" \/>\n<meta property=\"og:site_name\" content=\"LinhPhamMarket.com\" \/>\n<meta property=\"article:modified_time\" content=\"2021-10-31T23:30:25+00:00\" \/>\n<meta property=\"og:image\" content=\"https:\/\/linhphammarket.com\/wp-content\/uploads\/2021\/09\/puang-2-1.jpg\" \/>\n\t<meta property=\"og:image:width\" content=\"755\" \/>\n\t<meta property=\"og:image:height\" content=\"1044\" \/>\n\t<meta property=\"og:image:type\" content=\"image\/jpeg\" \/>\n<meta name=\"twitter:card\" content=\"summary_large_image\" \/>\n<script type=\"application\/ld+json\" class=\"yoast-schema-graph\">{\"@context\":\"https:\\\/\\\/schema.org\",\"@graph\":[{\"@type\":\"WebPage\",\"@id\":\"https:\\\/\\\/linhphammarket.com\\\/store\\\/products\\\/fruits\\\/durian-puangmanee-pulp\\\/\",\"url\":\"https:\\\/\\\/linhphammarket.com\\\/store\\\/products\\\/fruits\\\/durian-puangmanee-pulp\\\/\",\"name\":\"Durian, Puang Manee, Pulp - LinhPhamMarket.com\",\"isPartOf\":{\"@id\":\"https:\\\/\\\/linhphammarket.com\\\/#website\"},\"primaryImageOfPage\":{\"@id\":\"https:\\\/\\\/linhphammarket.com\\\/store\\\/products\\\/fruits\\\/durian-puangmanee-pulp\\\/#primaryimage\"},\"image\":{\"@id\":\"https:\\\/\\\/linhphammarket.com\\\/store\\\/products\\\/fruits\\\/durian-puangmanee-pulp\\\/#primaryimage\"},\"thumbnailUrl\":\"https:\\\/\\\/i0.wp.com\\\/linhphammarket.com\\\/wp-content\\\/uploads\\\/2021\\\/09\\\/puang-2-1.jpg?fit=755%2C1044&ssl=1\",\"datePublished\":\"2021-09-26T14:39:20+00:00\",\"dateModified\":\"2021-10-31T23:30:25+00:00\",\"breadcrumb\":{\"@id\":\"https:\\\/\\\/linhphammarket.com\\\/store\\\/products\\\/fruits\\\/durian-puangmanee-pulp\\\/#breadcrumb\"},\"inLanguage\":\"vi\",\"potentialAction\":[{\"@type\":\"ReadAction\",\"target\":[\"https:\\\/\\\/linhphammarket.com\\\/store\\\/products\\\/fruits\\\/durian-puangmanee-pulp\\\/\"]}]},{\"@type\":\"ImageObject\",\"inLanguage\":\"vi\",\"@id\":\"https:\\\/\\\/linhphammarket.com\\\/store\\\/products\\\/fruits\\\/durian-puangmanee-pulp\\\/#primaryimage\",\"url\":\"https:\\\/\\\/i0.wp.com\\\/linhphammarket.com\\\/wp-content\\\/uploads\\\/2021\\\/09\\\/puang-2-1.jpg?fit=755%2C1044&ssl=1\",\"contentUrl\":\"https:\\\/\\\/i0.wp.com\\\/linhphammarket.com\\\/wp-content\\\/uploads\\\/2021\\\/09\\\/puang-2-1.jpg?fit=755%2C1044&ssl=1\",\"width\":755,\"height\":1044},{\"@type\":\"BreadcrumbList\",\"@id\":\"https:\\\/\\\/linhphammarket.com\\\/store\\\/products\\\/fruits\\\/durian-puangmanee-pulp\\\/#breadcrumb\",\"itemListElement\":[{\"@type\":\"ListItem\",\"position\":1,\"name\":\"Home\",\"item\":\"https:\\\/\\\/linhphammarket.com\\\/\"},{\"@type\":\"ListItem\",\"position\":2,\"name\":\"Products\",\"item\":\"https:\\\/\\\/linhphammarket.com\\\/shop\\\/\"},{\"@type\":\"ListItem\",\"position\":3,\"name\":\"Durian, Puang Manee, Pulp\"}]},{\"@type\":\"WebSite\",\"@id\":\"https:\\\/\\\/linhphammarket.com\\\/#website\",\"url\":\"https:\\\/\\\/linhphammarket.com\\\/\",\"name\":\"LinhPhamMarket.com\",\"description\":\"Asian Foods Online\",\"publisher\":{\"@id\":\"https:\\\/\\\/linhphammarket.com\\\/#organization\"},\"potentialAction\":[{\"@type\":\"SearchAction\",\"target\":{\"@type\":\"EntryPoint\",\"urlTemplate\":\"https:\\\/\\\/linhphammarket.com\\\/?s={search_term_string}\"},\"query-input\":{\"@type\":\"PropertyValueSpecification\",\"valueRequired\":true,\"valueName\":\"search_term_string\"}}],\"inLanguage\":\"vi\"},{\"@type\":\"Organization\",\"@id\":\"https:\\\/\\\/linhphammarket.com\\\/#organization\",\"name\":\"Unipaq Corp.\",\"url\":\"https:\\\/\\\/linhphammarket.com\\\/\",\"logo\":{\"@type\":\"ImageObject\",\"inLanguage\":\"vi\",\"@id\":\"https:\\\/\\\/linhphammarket.com\\\/#\\\/schema\\\/logo\\\/image\\\/\",\"url\":\"https:\\\/\\\/linhphammarket.com\\\/wp-content\\\/uploads\\\/2021\\\/01\\\/unipaq.png\",\"contentUrl\":\"https:\\\/\\\/linhphammarket.com\\\/wp-content\\\/uploads\\\/2021\\\/01\\\/unipaq.png\",\"width\":396,\"height\":120,\"caption\":\"Unipaq Corp.\"},\"image\":{\"@id\":\"https:\\\/\\\/linhphammarket.com\\\/#\\\/schema\\\/logo\\\/image\\\/\"}}]}<\/script>\n<!-- \/ Yoast SEO plugin. -->","yoast_head_json":{"title":"Durian, Puang Manee, Pulp - LinhPhamMarket.com","robots":{"index":"noindex","follow":"follow","max-snippet":"max-snippet:-1","max-image-preview":"max-image-preview:large","max-video-preview":"max-video-preview:-1"},"og_locale":"vi_VN","og_type":"article","og_title":"Durian, Puang Manee, Pulp - LinhPhamMarket.com","og_description":"Puang Manee Premium Durian Pulp.  10 oz per box  PUANG MANEE DURIAN is a rare variety of Durian from the Chanthaburi Province of Thailand. Fruits are typically weighting from 1.0 to 2.5 kg. This fruit has a dark yellow flesh that boasts a rich, tender taste and chewy texture, uniquely appetizing for all durian lovers!    We invite you to savor our Durian, carefully selected for its highest quality and peak of ripeness to ensure the most delightful taste. Our impeccable freezing and storage journey has preserved an exotic treat like no other for your unforgettable enjoyment. Enjoy!","og_url":"https:\/\/linhphammarket.com\/vi\/store\/products\/fruits\/durian-puangmanee-pulp\/","og_site_name":"LinhPhamMarket.com","article_modified_time":"2021-10-31T23:30:25+00:00","og_image":[{"width":755,"height":1044,"url":"https:\/\/linhphammarket.com\/wp-content\/uploads\/2021\/09\/puang-2-1.jpg","type":"image\/jpeg"}],"twitter_card":"summary_large_image","schema":{"@context":"https:\/\/schema.org","@graph":[{"@type":"WebPage","@id":"https:\/\/linhphammarket.com\/store\/products\/fruits\/durian-puangmanee-pulp\/","url":"https:\/\/linhphammarket.com\/store\/products\/fruits\/durian-puangmanee-pulp\/","name":"Durian, Puang Manee, Pulp - LinhPhamMarket.com","isPartOf":{"@id":"https:\/\/linhphammarket.com\/#website"},"primaryImageOfPage":{"@id":"https:\/\/linhphammarket.com\/store\/products\/fruits\/durian-puangmanee-pulp\/#primaryimage"},"image":{"@id":"https:\/\/linhphammarket.com\/store\/products\/fruits\/durian-puangmanee-pulp\/#primaryimage"},"thumbnailUrl":"https:\/\/i0.wp.com\/linhphammarket.com\/wp-content\/uploads\/2021\/09\/puang-2-1.jpg?fit=755%2C1044&ssl=1","datePublished":"2021-09-26T14:39:20+00:00","dateModified":"2021-10-31T23:30:25+00:00","breadcrumb":{"@id":"https:\/\/linhphammarket.com\/store\/products\/fruits\/durian-puangmanee-pulp\/#breadcrumb"},"inLanguage":"vi","potentialAction":[{"@type":"ReadAction","target":["https:\/\/linhphammarket.com\/store\/products\/fruits\/durian-puangmanee-pulp\/"]}]},{"@type":"ImageObject","inLanguage":"vi","@id":"https:\/\/linhphammarket.com\/store\/products\/fruits\/durian-puangmanee-pulp\/#primaryimage","url":"https:\/\/i0.wp.com\/linhphammarket.com\/wp-content\/uploads\/2021\/09\/puang-2-1.jpg?fit=755%2C1044&ssl=1","contentUrl":"https:\/\/i0.wp.com\/linhphammarket.com\/wp-content\/uploads\/2021\/09\/puang-2-1.jpg?fit=755%2C1044&ssl=1","width":755,"height":1044},{"@type":"BreadcrumbList","@id":"https:\/\/linhphammarket.com\/store\/products\/fruits\/durian-puangmanee-pulp\/#breadcrumb","itemListElement":[{"@type":"ListItem","position":1,"name":"Home","item":"https:\/\/linhphammarket.com\/"},{"@type":"ListItem","position":2,"name":"Products","item":"https:\/\/linhphammarket.com\/shop\/"},{"@type":"ListItem","position":3,"name":"Durian, Puang Manee, Pulp"}]},{"@type":"WebSite","@id":"https:\/\/linhphammarket.com\/#website","url":"https:\/\/linhphammarket.com\/","name":"LinhPhamMarket.com","description":"Asian Foods Online","publisher":{"@id":"https:\/\/linhphammarket.com\/#organization"},"potentialAction":[{"@type":"SearchAction","target":{"@type":"EntryPoint","urlTemplate":"https:\/\/linhphammarket.com\/?s={search_term_string}"},"query-input":{"@type":"PropertyValueSpecification","valueRequired":true,"valueName":"search_term_string"}}],"inLanguage":"vi"},{"@type":"Organization","@id":"https:\/\/linhphammarket.com\/#organization","name":"Unipaq Corp.","url":"https:\/\/linhphammarket.com\/","logo":{"@type":"ImageObject","inLanguage":"vi","@id":"https:\/\/linhphammarket.com\/#\/schema\/logo\/image\/","url":"https:\/\/linhphammarket.com\/wp-content\/uploads\/2021\/01\/unipaq.png","contentUrl":"https:\/\/linhphammarket.com\/wp-content\/uploads\/2021\/01\/unipaq.png","width":396,"height":120,"caption":"Unipaq Corp."},"image":{"@id":"https:\/\/linhphammarket.com\/#\/schema\/logo\/image\/"}}]}},"jetpack_sharing_enabled":true,"_links":{"self":[{"href":"https:\/\/linhphammarket.com\/vi\/wp-json\/wp\/v2\/product\/7056","targetHints":{"allow":["GET"]}}],"collection":[{"href":"https:\/\/linhphammarket.com\/vi\/wp-json\/wp\/v2\/product"}],"about":[{"href":"https:\/\/linhphammarket.com\/vi\/wp-json\/wp\/v2\/types\/product"}],"replies":[{"embeddable":true,"href":"https:\/\/linhphammarket.com\/vi\/wp-json\/wp\/v2\/comments?post=7056"}],"version-history":[{"count":7,"href":"https:\/\/linhphammarket.com\/vi\/wp-json\/wp\/v2\/product\/7056\/revisions"}],"predecessor-version":[{"id":10121,"href":"https:\/\/linhphammarket.com\/vi\/wp-json\/wp\/v2\/product\/7056\/revisions\/10121"}],"wp:featuredmedia":[{"embeddable":true,"href":"https:\/\/linhphammarket.com\/vi\/wp-json\/wp\/v2\/media\/7058"}],"wp:attachment":[{"href":"https:\/\/linhphammarket.com\/vi\/wp-json\/wp\/v2\/media?parent=7056"}],"wp:term":[{"taxonomy":"product_brand","embeddable":true,"href":"https:\/\/linhphammarket.com\/vi\/wp-json\/wp\/v2\/product_brand?post=7056"},{"taxonomy":"product_cat","embeddable":true,"href":"https:\/\/linhphammarket.com\/vi\/wp-json\/wp\/v2\/product_cat?post=7056"},{"taxonomy":"product_tag","embeddable":true,"href":"https:\/\/linhphammarket.com\/vi\/wp-json\/wp\/v2\/product_tag?post=7056"}],"curies":[{"name":"wp","href":"https:\/\/api.w.org\/{rel}","templated":true}]}}